{"id":5844,"date":"2023-06-22T16:56:54","date_gmt":"2023-06-22T14:56:54","guid":{"rendered":"https:\/\/lencantada.fr\/?post_type=product&#038;p=5844"},"modified":"2023-06-22T17:34:01","modified_gmt":"2023-06-22T15:34:01","slug":"domaine-lous-mouracs-1983","status":"publish","type":"product","link":"https:\/\/lencantada.fr\/en\/produit\/domaine-lous-mouracs-1983\/","title":{"rendered":"Domaine Lous Mouracs 1983"},"content":{"rendered":"<div>This estate is located in the T\u00e9nar\u00e8ze appellation zone, but the soils are closer to Bas Armagnac than to typical T\u00e9nar\u00e8ze.<\/div>\n<div><\/div>\n<div>This estate had 2 cellars: 1 rather damp and 1 rather dry, in which we could find Domaine Mouracs 1979 (#3).<\/div>\n<div>Small production, distilled by a mobile still, between 1 and 3 units \/ year. Some of the barrels were made by a former Condom cooper.<\/div>\n","protected":false},"excerpt":{"rendered":"<p class=\"productTitle__3XDd9UVh\" data-at=\"product-name-title\">It was a small estate that used to produce Baco and Ugni blanc but no longer does. It was located in a wetland area, hence its Gascon name Lous Mouracs, meaning &#8220;the wetlands&#8221;.<\/p>\n","protected":false},"featured_media":5852,"template":"","meta":{"_monsterinsights_skip_tracking":false,"_monsterinsights_sitenote_active":false,"_monsterinsights_sitenote_note":"","_monsterinsights_sitenote_category":0},"product_brand":[],"product_cat":[129,89,87],"product_tag":[],"class_list":{"0":"post-5844","1":"product","2":"type-product","3":"status-publish","4":"has-post-thumbnail","6":"product_cat-domaine-lous-mouracs-en","7":"product_cat-our-domains","8":"product_cat-our-vintages","10":"first","11":"outofstock","12":"shipping-taxable","13":"purchasable","14":"product-type-variable","15":"has-default-attributes"},"_links":{"self":[{"href":"https:\/\/lencantada.fr\/en\/wp-json\/wp\/v2\/product\/5844","targetHints":{"allow":["GET"]}}],"collection":[{"href":"https:\/\/lencantada.fr\/en\/wp-json\/wp\/v2\/product"}],"about":[{"href":"https:\/\/lencantada.fr\/en\/wp-json\/wp\/v2\/types\/product"}],"wp:featuredmedia":[{"embeddable":true,"href":"https:\/\/lencantada.fr\/en\/wp-json\/wp\/v2\/media\/5852"}],"wp:attachment":[{"href":"https:\/\/lencantada.fr\/en\/wp-json\/wp\/v2\/media?parent=5844"}],"wp:term":[{"taxonomy":"product_brand","embeddable":true,"href":"https:\/\/lencantada.fr\/en\/wp-json\/wp\/v2\/product_brand?post=5844"},{"taxonomy":"product_cat","embeddable":true,"href":"https:\/\/lencantada.fr\/en\/wp-json\/wp\/v2\/product_cat?post=5844"},{"taxonomy":"product_tag","embeddable":true,"href":"https:\/\/lencantada.fr\/en\/wp-json\/wp\/v2\/product_tag?post=5844"}],"curies":[{"name":"wp","href":"https:\/\/api.w.org\/{rel}","templated":true}]}}