{"id":3681,"date":"2023-03-08T15:50:21","date_gmt":"2023-03-08T14:50:21","guid":{"rendered":"https:\/\/lencantada.transfonumerique.fr\/cart\/"},"modified":"2023-05-17T11:27:21","modified_gmt":"2023-05-17T09:27:21","slug":"cart","status":"publish","type":"page","link":"https:\/\/lencantada.fr\/en\/cart\/","title":{"rendered":"Cart"},"content":{"rendered":"\t\t<div data-elementor-type=\"wp-page\" data-elementor-id=\"3681\" class=\"elementor elementor-3681 elementor-19\" data-elementor-post-type=\"page\">\n\t\t\t\t<div class=\"elementor-element elementor-element-0ccd920 e-flex e-con-boxed e-con e-parent\" data-id=\"0ccd920\" data-element_type=\"container\" data-e-type=\"container\" data-settings=\"{&quot;background_background&quot;:&quot;gradient&quot;}\">\n\t\t\t\t\t<div class=\"e-con-inner\">\n\t\t\t\t<div class=\"elementor-element elementor-element-00881e9 elementor-widget elementor-widget-heading\" data-id=\"00881e9\" data-element_type=\"widget\" data-e-type=\"widget\" data-widget_type=\"heading.default\">\n\t\t\t\t<div class=\"elementor-widget-container\">\n\t\t\t\t\t<h2 class=\"elementor-heading-title elementor-size-default\">Cart<\/h2>\t\t\t\t<\/div>\n\t\t\t\t<\/div>\n\t\t\t\t\t<\/div>\n\t\t\t\t<\/div>\n\t\t\t\t<\/div>\n\t\t","protected":false},"excerpt":{"rendered":"<p>Cart Supprimer l\u2019\u00e9l\u00e9ment Miniature Produit Prix Quantit\u00e9 Sous-total &times; Blanche l&#8217;Encantada &#8211; Coffret bois, 50 cL 39,70&euro; &#8211; quantit\u00e9 de Blanche l&#039;Encantada &#8211; Coffret bois, 50 cL + 39,70&euro; &times; GNAC &#8211; Etui carton, 20 cL 20,90&euro; &#8211; quantit\u00e9 de GNAC &#8211; Etui carton, 20 cL + 20,90&euro; &times; Domaine Del Cassou 1998 &#8211; Etui [&hellip;]<\/p>\n","protected":false},"author":1,"featured_media":0,"parent":0,"menu_order":0,"comment_status":"closed","ping_status":"closed","template":"elementor_header_footer","meta":{"_monsterinsights_skip_tracking":false,"_monsterinsights_sitenote_active":false,"_monsterinsights_sitenote_note":"","_monsterinsights_sitenote_category":0,"footnotes":""},"class_list":["post-3681","page","type-page","status-publish","hentry"],"_links":{"self":[{"href":"https:\/\/lencantada.fr\/en\/wp-json\/wp\/v2\/pages\/3681","targetHints":{"allow":["GET"]}}],"collection":[{"href":"https:\/\/lencantada.fr\/en\/wp-json\/wp\/v2\/pages"}],"about":[{"href":"https:\/\/lencantada.fr\/en\/wp-json\/wp\/v2\/types\/page"}],"author":[{"embeddable":true,"href":"https:\/\/lencantada.fr\/en\/wp-json\/wp\/v2\/users\/1"}],"replies":[{"embeddable":true,"href":"https:\/\/lencantada.fr\/en\/wp-json\/wp\/v2\/comments?post=3681"}],"version-history":[{"count":0,"href":"https:\/\/lencantada.fr\/en\/wp-json\/wp\/v2\/pages\/3681\/revisions"}],"wp:attachment":[{"href":"https:\/\/lencantada.fr\/en\/wp-json\/wp\/v2\/media?parent=3681"}],"curies":[{"name":"wp","href":"https:\/\/api.w.org\/{rel}","templated":true}]}}